{"id":9,"date":"2021-10-05T08:45:52","date_gmt":"2021-10-05T08:45:52","guid":{"rendered":"https:\/\/tanulas-kutatas.hu\/?page_id=9"},"modified":"2023-09-11T18:31:58","modified_gmt":"2023-09-11T18:31:58","slug":"partners","status":"publish","type":"page","link":"https:\/\/tanulas-kutatas.hu\/en\/partners\/","title":{"rendered":"Partners"},"content":{"rendered":"\n<p>During the first two years, a number of international and national researchers and educators involved in the research have partnered with our research team.<\/p>\n\n\n\n<h2 class=\"wp-block-heading\"><strong>International partners<\/strong><\/h2>\n\n\n\n<ul class=\"wp-block-list\">\n<li>Finnish Institute for Educational Research at the University of Jyv\u00e4skyl\u00e4, Finland. Contact: kristof.fenyvesi@jyu.fi<\/li>\n\n\n\n<li>Johannes Kepler University, Science, Technology, Engineering and Mathematics <\/li>\n\n\n\n<li>Education Center, Linz, Austria. Contact: <a href=\"mailto:zsolt.lavicza@jku.at\">zsolt.lavicza@jku.at<\/a>.<\/li>\n\n\n\n<li>Fundatia Centrul Educational Spektrum, Miercurea Ciuc (Cs\u00edkszereda), Romania. Contact: <a href=\"mailto:lazarb_csilla@sec.ro\">lazarb_csilla@sec.ro<\/a><\/li>\n\n\n\n<li>Mathematics Education Curriculum and Instruction Department School of Education CUNY College of Staten Island, New York, U.S.A. Contact: <a href=\"mailto:kerekesjudit@gmail.com\">kerekesjudit@gmail.com<\/a><\/li>\n<\/ul>\n\n\n\n<h2 class=\"wp-block-heading\"><strong>Partners in Hungary<\/strong><\/h2>\n\n\n\n<ul class=\"wp-block-list\">\n<li>ELTE PPK, Kognit\u00edv K\u00e9pess\u00e9gek Kutat\u00f3csoport, Budapest Contact: kovacs.kristof@ppk.elte.hu<\/li>\n\n\n\n<li>Neuron Solutions, Budapest. Contact: <a href=\"mailto:zsofia.gyarmathy@gmail.com\">zsofia.gyarmathy@gmail.com<\/a><\/li>\n<\/ul>\n\n\n\n<h2 class=\"wp-block-heading\"><strong>Teachers in the Flashcard creating group<\/strong><\/h2>\n\n\n\n<ul class=\"wp-block-list\">\n<li>Jakabovics Zsombor website developer&nbsp;&nbsp;&nbsp;&nbsp;&nbsp;&nbsp;&nbsp;&nbsp;&nbsp;&nbsp;&nbsp;&nbsp;&nbsp;&nbsp;&nbsp;&nbsp;&nbsp;&nbsp;<\/li>\n\n\n\n<li>Kov\u00e1cs Krisztina graphics&nbsp;&nbsp;&nbsp;&nbsp;&nbsp;&nbsp;&nbsp;&nbsp;&nbsp;&nbsp;&nbsp;&nbsp;&nbsp;&nbsp;&nbsp;&nbsp;&nbsp;<\/li>\n\n\n\n<li>R\u00f3na Judit linguistic proof-reader<\/li>\n<\/ul>\n\n\n\n<h2 class=\"wp-block-heading\"><strong>Flashcard creators<\/strong><strong> <\/strong><strong>and <\/strong><strong>coordinators<\/strong><strong><\/strong><\/h2>\n\n\n\n<ul class=\"wp-block-list\">\n<li>Pap Judit szervez\u0151 koordin\u00e1tor&nbsp;&nbsp;&nbsp;&nbsp;&nbsp;&nbsp;&nbsp;&nbsp;&nbsp;&nbsp;&nbsp;&nbsp;&nbsp;&nbsp;&nbsp;&nbsp;&nbsp;&nbsp;&nbsp;&nbsp;&nbsp;&nbsp;&nbsp;&nbsp;&nbsp;&nbsp;&nbsp;&nbsp;&nbsp;&nbsp;&nbsp;<\/li>\n\n\n\n<li>Borb\u00e1sn\u00e9 Pucsok T\u00edmea koordin\u00e1tor&nbsp;&nbsp;&nbsp;&nbsp;&nbsp;&nbsp;&nbsp;&nbsp;&nbsp;&nbsp;&nbsp;<\/li>\n\n\n\n<li>Bud\u00e1csik \u00c9va kordin\u00e1tor&nbsp;&nbsp;&nbsp;&nbsp;&nbsp;&nbsp;&nbsp;&nbsp;&nbsp;&nbsp;&nbsp;&nbsp;&nbsp;&nbsp;&nbsp;&nbsp;&nbsp;&nbsp;&nbsp;&nbsp;&nbsp;&nbsp;&nbsp;&nbsp;&nbsp;&nbsp;&nbsp;&nbsp;&nbsp;&nbsp;<\/li>\n\n\n\n<li>Sz. Horv\u00e1th M\u00e1ria koordin\u00e1tor&nbsp;&nbsp;&nbsp;&nbsp;&nbsp;&nbsp;&nbsp;&nbsp;<\/li>\n\n\n\n<li>Nagy Ir\u00e9n koordin\u00e1tor<\/li>\n<\/ul>\n\n\n\n<h2 class=\"wp-block-heading\"><strong>Flashcard creators: 23<\/strong><\/h2>\n\n\n\n<ol class=\"wp-block-list\" type=\"1\">\n<li>\u00c1goston-K\u00e1tai Brigitta&nbsp;&nbsp;&nbsp;&nbsp;&nbsp;&nbsp;&nbsp;&nbsp;&nbsp;&nbsp;<\/li>\n\n\n\n<li>Besenyein\u00e9 Bihari Anita&nbsp;&nbsp;&nbsp;&nbsp;&nbsp;&nbsp;&nbsp;<\/li>\n\n\n\n<li>F\u00fck\u00e9n\u00e9 Walter M\u00e1ria<\/li>\n\n\n\n<li>dr. Gombocz Eszter&nbsp;&nbsp;&nbsp;&nbsp;&nbsp;&nbsp;&nbsp;&nbsp;&nbsp;&nbsp;&nbsp;&nbsp;&nbsp;&nbsp;<\/li>\n\n\n\n<li>Guti Szilvia&nbsp;&nbsp;&nbsp;&nbsp;&nbsp;&nbsp;&nbsp;&nbsp;&nbsp;&nbsp;&nbsp;&nbsp;&nbsp;&nbsp;&nbsp;&nbsp;&nbsp;&nbsp;&nbsp;&nbsp;&nbsp;&nbsp;&nbsp;&nbsp;&nbsp;&nbsp;&nbsp;&nbsp;<\/li>\n\n\n\n<li>dr. Hajd\u00fan\u00e9 Csakajda Ildik\u00f3&nbsp;&nbsp;&nbsp;&nbsp;&nbsp;&nbsp;&nbsp;&nbsp;&nbsp;&nbsp;&nbsp;&nbsp;&nbsp;&nbsp;&nbsp;&nbsp;&nbsp;&nbsp;&nbsp;&nbsp;&nbsp;&nbsp;&nbsp;&nbsp;&nbsp;<\/li>\n\n\n\n<li>Haydu Eszter J\u00falia&nbsp;&nbsp;&nbsp;&nbsp;&nbsp;<\/li>\n\n\n\n<li>Horv\u00e1th Katalin&nbsp;&nbsp;&nbsp;&nbsp;&nbsp;&nbsp;&nbsp;&nbsp;<\/li>\n\n\n\n<li>dr. Ill\u00e9s Hilda&nbsp;&nbsp;&nbsp;&nbsp;&nbsp;&nbsp;&nbsp;&nbsp;&nbsp;&nbsp;&nbsp;&nbsp;&nbsp;<\/li>\n\n\n\n<li>K\u00e1lm\u00e1n Kata&nbsp;&nbsp;&nbsp;&nbsp;&nbsp;&nbsp;&nbsp;&nbsp;&nbsp;&nbsp;&nbsp;&nbsp;&nbsp;&nbsp;&nbsp;&nbsp;&nbsp;&nbsp;&nbsp;&nbsp;&nbsp;&nbsp;&nbsp;&nbsp;&nbsp;&nbsp;<\/li>\n\n\n\n<li>Kiss-R\u00f3zsa Luca&nbsp;&nbsp;&nbsp;&nbsp;&nbsp;&nbsp;&nbsp;&nbsp;&nbsp;&nbsp;&nbsp;&nbsp;&nbsp;&nbsp;&nbsp;&nbsp;&nbsp;&nbsp;&nbsp;&nbsp;&nbsp;<\/li>\n\n\n\n<li>K\u00f3ny\u00e1n\u00e9 Farkas Hedvig&nbsp;&nbsp;&nbsp;&nbsp;&nbsp;&nbsp;&nbsp;&nbsp;&nbsp;&nbsp;&nbsp;&nbsp;&nbsp;&nbsp;&nbsp;&nbsp;&nbsp;&nbsp;&nbsp;&nbsp;&nbsp;&nbsp;&nbsp;&nbsp;&nbsp;&nbsp;&nbsp;&nbsp;&nbsp;&nbsp;&nbsp;&nbsp;<\/li>\n\n\n\n<li>Kotorm\u00e1nn\u00e9 Erdei Erika&nbsp;&nbsp;&nbsp;&nbsp;&nbsp;&nbsp;&nbsp;<\/li>\n\n\n\n<li>Kov\u00e1cs Eszter<\/li>\n\n\n\n<li>Lanczkor Ren\u00e1ta&nbsp;&nbsp;&nbsp;&nbsp;&nbsp;&nbsp;&nbsp;&nbsp;&nbsp;&nbsp;&nbsp;&nbsp;&nbsp;&nbsp;&nbsp;&nbsp;&nbsp;&nbsp;&nbsp;<\/li>\n\n\n\n<li>Lov\u00e1sz Teod\u00f3ra&nbsp;&nbsp;&nbsp;&nbsp;&nbsp;&nbsp;&nbsp;&nbsp;&nbsp;<\/li>\n\n\n\n<li>Markovics \u00c9va<\/li>\n\n\n\n<li>Mikecz R\u00f3za&nbsp;&nbsp;&nbsp;&nbsp;&nbsp;&nbsp;&nbsp;&nbsp;&nbsp;&nbsp;&nbsp;&nbsp;&nbsp;&nbsp;<\/li>\n\n\n\n<li>Nyerges Tiborn\u00e9 Mariann&nbsp;&nbsp;&nbsp;&nbsp;&nbsp;&nbsp;&nbsp;&nbsp;&nbsp;&nbsp;&nbsp;&nbsp;&nbsp;&nbsp;&nbsp;&nbsp;<\/li>\n\n\n\n<li>Palk\u00f3n\u00e9 dr. Tabi Katalin&nbsp;&nbsp;&nbsp;&nbsp;&nbsp;&nbsp;&nbsp;&nbsp;&nbsp;&nbsp;&nbsp;&nbsp;&nbsp;&nbsp;&nbsp;&nbsp;&nbsp;&nbsp;&nbsp;<\/li>\n\n\n\n<li>Slez\u00e1k No\u00e9mi&nbsp;&nbsp;&nbsp;&nbsp;&nbsp;&nbsp;&nbsp;&nbsp;&nbsp;&nbsp;&nbsp;&nbsp;&nbsp;&nbsp;&nbsp;&nbsp;&nbsp;&nbsp;&nbsp;&nbsp;&nbsp;&nbsp;&nbsp;&nbsp;<\/li>\n\n\n\n<li>Szab\u00f3 M\u00e1rta M\u00e1ria&nbsp;&nbsp;&nbsp;&nbsp;&nbsp;&nbsp;&nbsp;&nbsp;&nbsp;&nbsp;&nbsp;&nbsp;&nbsp;&nbsp;&nbsp;<\/li>\n\n\n\n<li>Vaj\u00f3czki Andr\u00e1sn\u00e9 Piroska&nbsp;&nbsp;&nbsp;&nbsp;&nbsp;&nbsp;&nbsp;&nbsp;&nbsp;&nbsp;&nbsp;&nbsp;&nbsp;&nbsp;&nbsp;<\/li>\n<\/ol>\n\n\n\n<h2 class=\"wp-block-heading\"><strong>Number of schools currently participating in the research programme: 47<\/strong><\/h2>\n\n\n\n<h2 class=\"wp-block-heading\"><strong>Schools implementing the research program: 20<\/strong><\/h2>\n\n\n\n<h2 class=\"wp-block-heading\"><strong>Teachers participating in the schools: 35<\/strong><\/h2>\n\n\n\n<h2 class=\"wp-block-heading\"><strong>Balassagyarmati School District Centre \u2013 7 schools, 13 teachers<\/strong><\/h2>\n\n\n\n<ol class=\"wp-block-list\" type=\"1\">\n<li>Balassagyarmati D\u00f3zsa Gy\u00f6rgy \u00c1ltal\u00e1nos Iskola<\/li>\n\n\n\n<li>Vars\u00e1nyi Hunyadi M\u00e1ty\u00e1s \u00c1ltal\u00e1nos Iskola<\/li>\n\n\n\n<li>Vars\u00e1nyi Hunyadi M\u00e1ty\u00e1s \u00c1ltal\u00e1nos Iskola \u0150rhalmi Tagint\u00e9zm\u00e9nye<\/li>\n\n\n\n<li>Magyarn\u00e1ndori \u00c1ltal\u00e1nos Iskola<\/li>\n\n\n\n<li>N\u00f3gr\u00e1dmegyeri Miksz\u00e1th K\u00e1lm\u00e1n \u00c1ltal\u00e1nos Iskola<\/li>\n\n\n\n<li>R\u00e1day Gedeon \u00c1ltal\u00e1nos Iskola (Lud\u00e1nyhal\u00e1szi)<\/li>\n\n\n\n<li>Rim\u00f3ci Szent Istv\u00e1n \u00c1ltal\u00e1nos Iskola<\/li>\n<\/ol>\n\n\n\n<h2 class=\"wp-block-heading\"><strong>Dunakeszi School District Centre \u2013 2 <\/strong><strong>schools, 4 teachers<\/strong><strong><\/strong><\/h2>\n\n\n\n<ol class=\"wp-block-list\" type=\"1\">\n<li>N\u00e9meth K\u00e1lm\u00e1n \u00c1ltal\u00e1nos Iskola (F\u00f3t)<\/li>\n\n\n\n<li>Isaszegi Damjanich J\u00e1nos \u00c1ltal\u00e1nos Iskola<\/li>\n<\/ol>\n\n\n\n<h2 class=\"wp-block-heading\"><strong>V\u00e1ci School District Centre \u2013 7<\/strong><strong> schools, 13 teachers<\/strong><strong><\/strong><\/h2>\n\n\n\n<ol class=\"wp-block-list\" type=\"1\">\n<li>V\u00e1ci \u00c1rp\u00e1d Fejedelem \u00c1ltal\u00e1nos Iskola<\/li>\n\n\n\n<li>V\u00e1ci Juh\u00e1sz Gyula \u00c1ltal\u00e1nos Iskola<\/li>\n\n\n\n<li>Le\u00e1nyfalui M\u00f3ricz Zsigmond \u00c1ltal\u00e1nos Iskola<\/li>\n\n\n\n<li>Sz\u0151dligeti G\u00e1rdonyi G\u00e9za \u00c1ltal\u00e1nos Iskola<\/li>\n\n\n\n<li>V\u00e1ci Pet\u0151fi S\u00e1ndor \u00c1ltal\u00e1nos Iskola<\/li>\n\n\n\n<li>V\u00e1ci Radn\u00f3ti Mikl\u00f3s \u00c1ltal\u00e1nos Iskola<\/li>\n\n\n\n<li>Kosdi Arany J\u00e1nos \u00c1ltal\u00e1nos Iskola<\/li>\n<\/ol>\n\n\n\n<h2 class=\"wp-block-heading\"><strong>EKIF V\u00e1c institutions \u2013 3<\/strong><strong> schools, 6 teachers<\/strong><strong><\/strong><\/h2>\n\n\n\n<ol class=\"wp-block-list\" type=\"1\">\n<li>Szolnok, Tiszaparti R\u00f3mai Katolikus \u00c1ltal\u00e1nos Iskola \u00e9s Gimn\u00e1zium<\/li>\n\n\n\n<li>Karolina Katolikus \u00c1ltal\u00e1nos Iskola<\/li>\n\n\n\n<li>Cegl\u00e9d, Szent Kereszt Katolikus \u00c1ltal\u00e1nos Iskola \u00e9s \u00d3voda<\/li>\n<\/ol>\n\n\n\n<h2 class=\"wp-block-heading\"><strong>Other \u2013 1<\/strong><strong> schools, 2 teachers<\/strong><strong><\/strong><\/h2>\n\n\n\n<ol class=\"wp-block-list\" type=\"1\">\n<li>Szent Ang\u00e9la Ferences \u00c1ltal\u00e1nos Iskola \u00e9s Gimn\u00e1zium, Budapest<\/li>\n<\/ol>\n\n\n\n<h2 class=\"wp-block-heading\"><strong>Control schools 20<\/strong><\/h2>\n\n\n\n<p><strong>Balassagyarmati School District Centre \u2013 6 <\/strong><strong>schools, 9 teachers<\/strong><strong><\/strong><\/p>\n\n\n\n<ol class=\"wp-block-list\" type=\"1\">\n<li>Magyarg\u00e9ci G\u00e1donyi G\u00e9za \u00c1ltal\u00e1nos Iskola<\/li>\n\n\n\n<li>Sz\u00fcgyi Mad\u00e1ch Imre \u00c1ltal\u00e1nos Iskola<\/li>\n\n\n\n<li>B\u00f6rzs\u00f6ny \u00c1ltal\u00e1nos Iskola<\/li>\n\n\n\n<li>Tereskei \u00c1ltl\u00e1nos Iskola<\/li>\n\n\n\n<li>Endrefalvai M\u00f3ra Ferenc \u00c1ltal\u00e1nos Iskola<\/li>\n<\/ol>\n\n\n\n<p><strong>V\u00e1ci School District Centre \u2013 6 <\/strong><strong>schools, 13 teachers<\/strong><strong><\/strong><\/p>\n\n\n\n<ol class=\"wp-block-list\" type=\"1\">\n<li>V\u00e1ci \u00c1rp\u00e1d Fejedelem \u00c1ltal\u00e1nos Iskola<\/li>\n\n\n\n<li>V\u00e1ci Juh\u00e1sz Gyula \u00c1ltal\u00e1nos Iskola<\/li>\n\n\n\n<li>Le\u00e1nyfalui M\u00f3ricz Zsigmond \u00c1ltal\u00e1nos Iskola<\/li>\n\n\n\n<li>Sz\u0151dligeti G\u00e1rdonyi G\u00e9za \u00c1ltal\u00e1nos Iskola<\/li>\n\n\n\n<li>R\u00e1di II. R\u00e1k\u00f3czi Ferenc \u00c1ltal\u00e1nos Iskola<\/li>\n\n\n\n<li>Szentistv\u00e1ntelepi \u00c1ltal\u00e1nos Iskola<\/li>\n<\/ol>\n\n\n\n<p><strong>EKIF V\u00e1c institutions \u2013 4<\/strong><strong> schools, 8 teachers<\/strong><strong><\/strong><\/p>\n\n\n\n<ol class=\"wp-block-list\" type=\"1\">\n<li>Szolnok, Tiszaparti R\u00f3mai Katolikus \u00c1ltal\u00e1nos Iskola \u00e9s Gimn\u00e1zium<\/li>\n\n\n\n<li>Karolina Katolikus \u00c1ltal\u00e1nos Iskola<\/li>\n\n\n\n<li>B\u00e1tonyterenye, II. J\u00e1nos P\u00e1l Katolikus \u00d3voda \u00e9s \u00c1ltal\u00e1nos Iskola<\/li>\n\n\n\n<li>Szent Istv\u00e1n R\u00f3mai Katolikus \u00c1ltal\u00e1nos Iskola<\/li>\n<\/ol>\n\n\n\n<p><strong>Polgar Chess Method Reference Schools <\/strong><strong>\u2013 11<\/strong><strong> schools, 22 teachers<\/strong><strong><\/strong><\/p>\n\n\n\n<ol class=\"wp-block-list\" type=\"1\">\n<li>Dunakeszi K\u0151r\u00f6si Csoma S\u00e1ndor \u00c1lt. Isk.<\/li>\n\n\n\n<li>Gy\u00f6ngy\u00f6si Arany J\u00e1nos \u00c1lt. Isk.<\/li>\n\n\n\n<li>Kecskem\u00e9ti Belv\u00e1rosi Zr\u00ednyi Ilona \u00c1ltal\u00e1nos Iskola Magyar Ilona \u00c1ltal\u00e1nos Iskol\u00e1ja<\/li>\n\n\n\n<li>Kossuth Lajos Evang\u00e9likus \u00c1lt. Isk. \u00e9s AMI<\/li>\n\n\n\n<li>N\u0151tincsi \u00c1ltal\u00e1nos Iskola<\/li>\n\n\n\n<li>Ny\u00edregyh\u00e1zi Bem J\u00f3zsef \u00c1lt. Isk. Kazinczy Ferenc Tagint\u00e9zm\u00e9ny&nbsp;&nbsp;&nbsp;&nbsp;<\/li>\n\n\n\n<li>Orosh\u00e1zi V\u00f6r\u00f6smarty Mih\u00e1ly \u00c1lt. Isk.<\/li>\n\n\n\n<li>Sz\u00e9chenyi Istv\u00e1n Katolikus N\u00e9met Nemzetis\u00e9gi \u00c1ltal\u00e1nos Iskola \u00e9s \u00d3voda<\/li>\n\n\n\n<li>Sz\u00e9kesfeh\u00e9rv\u00e1ri Istv\u00e1n Kir\u00e1ly \u00c1ltal\u00e1nos Iskola<\/li>\n\n\n\n<li>Tarj\u00e1ni K\u00e9ttannyelv\u0171 Iskola \u00e9s AMI<\/li>\n\n\n\n<li>Zugl\u00f3i Heltai G\u00e1sp\u00e1r \u00c1lt. Isk.<\/li>\n<\/ol>\n\n\n\n<p><\/p>\n","protected":false},"excerpt":{"rendered":"<p>During the first two years, a number of international and national researchers and educators involved in the research have partnered with our research team. International partners Partners in Hungary Teachers in the Flashcard creating group Flashcard creators and coordinators Flashcard creators: 23 Number of schools currently participating in the research programme: 47 Schools implementing the [&hellip;]<\/p>\n","protected":false},"author":1,"featured_media":0,"parent":0,"menu_order":0,"comment_status":"closed","ping_status":"closed","template":"","meta":{"footnotes":""},"class_list":["post-9","page","type-page","status-publish","hentry"],"_links":{"self":[{"href":"https:\/\/tanulas-kutatas.hu\/en\/wp-json\/wp\/v2\/pages\/9","targetHints":{"allow":["GET"]}}],"collection":[{"href":"https:\/\/tanulas-kutatas.hu\/en\/wp-json\/wp\/v2\/pages"}],"about":[{"href":"https:\/\/tanulas-kutatas.hu\/en\/wp-json\/wp\/v2\/types\/page"}],"author":[{"embeddable":true,"href":"https:\/\/tanulas-kutatas.hu\/en\/wp-json\/wp\/v2\/users\/1"}],"replies":[{"embeddable":true,"href":"https:\/\/tanulas-kutatas.hu\/en\/wp-json\/wp\/v2\/comments?post=9"}],"version-history":[{"count":9,"href":"https:\/\/tanulas-kutatas.hu\/en\/wp-json\/wp\/v2\/pages\/9\/revisions"}],"predecessor-version":[{"id":289,"href":"https:\/\/tanulas-kutatas.hu\/en\/wp-json\/wp\/v2\/pages\/9\/revisions\/289"}],"wp:attachment":[{"href":"https:\/\/tanulas-kutatas.hu\/en\/wp-json\/wp\/v2\/media?parent=9"}],"curies":[{"name":"wp","href":"https:\/\/api.w.org\/{rel}","templated":true}]}}