{"id":15,"date":"2021-10-05T08:47:37","date_gmt":"2021-10-05T08:47:37","guid":{"rendered":"https:\/\/tanulas-kutatas.hu\/?page_id=15"},"modified":"2025-08-20T16:45:41","modified_gmt":"2025-08-20T16:45:41","slug":"documents","status":"publish","type":"page","link":"https:\/\/tanulas-kutatas.hu\/en\/documents\/","title":{"rendered":"Documents"},"content":{"rendered":"\n<h2 class=\"wp-block-heading\">Tanul\u00f3k\u00e1rty\u00e1k application<\/h2>\n\n\n\n<p><a href=\"https:\/\/1drv.ms\/u\/c\/dec322d864b6af18\/ER-D7xWCP0VBuWmkRhnlrkEBk6AuGabsi5-l6IwZlgGtpw?e=5wWgnx\" target=\"_blank\" rel=\"noreferrer noopener\">Tanul\u00f3k\u00e1rty\u00e1k alkalmaz\u00e1s telep\u00edt\u0151 (apk)<\/a><\/p>\n\n\n\n<p><a href=\"https:\/\/tanulas-kutatas.hu\/wp-content\/uploads\/2025\/08\/Tanulokartyak-telepitesi-utmutato.pdf\" target=\"_blank\" rel=\"noreferrer noopener\">Installation instructions<\/a> (hungarian)<\/p>\n\n\n\n<p><a href=\"https:\/\/tanulas-kutatas.hu\/wp-content\/uploads\/2023\/08\/PrivacyPolicy.html\">Privacy Policy Tanul\u00f3k\u00e1rty\u00e1k application<\/a><\/p>\n\n\n\n<h2 class=\"wp-block-heading\">Reports<\/h2>\n\n\n\n<p><a href=\"https:\/\/tanulas-kutatas.hu\/wp-content\/uploads\/2022\/09\/Beszamolo1-1.docx\">Report 1.<\/a><\/p>\n\n\n\n<p><a href=\"https:\/\/tanulas-kutatas.hu\/en\/wp-content\/uploads\/2024\/10\/MTA-AVKF-research_report_0912_EN.pdf\" target=\"_blank\" rel=\"noreferrer noopener\">Report 2.<\/a><\/p>\n\n\n\n<p><\/p>\n\n\n\n<h2 class=\"wp-block-heading\">Forms for the schools<\/h2>\n\n\n\n<p><a rel=\"noreferrer noopener\" href=\"http:\/\/tanulas-kutatas.hu\/urlapok\/intezmenyi_regisztracio.php\" data-type=\"URL\" data-id=\"http:\/\/tanulas-kutatas.hu\/urlapok\/intezmenyi_regisztracio.php\" target=\"_blank\">Registration of research schools (Institutional registration form)<\/a><\/p>\n\n\n\n<h2 class=\"wp-block-heading\">Documents in Hungarian for all partners<\/h2>\n\n\n\n<p><a href=\"https:\/\/tanulas-kutatas.hu\/wp-content\/uploads\/2021\/10\/MTA-AVKF_Tanulasi_Kornyezet_Kutatasi-terv.pdf\" target=\"_blank\" rel=\"noreferrer noopener\">Detailed research Plan (MTA-AVKF_Tanul\u00e1si_Kornyezet_Kutat\u00e1si terv.pdf)<\/a><\/p>\n\n\n\n<p><a href=\"https:\/\/tanulas-kutatas.hu\/wp-content\/uploads\/2022\/02\/MTA-AVKF_Tanulasi-kornyezet_Kutatas_fejlesztok_altalanos-tajekoztato.docx\">General information for development schools<\/a><\/p>\n\n\n\n<p><a href=\"https:\/\/tanulas-kutatas.hu\/wp-content\/uploads\/2022\/02\/MTA_AVKF_-Tanulasi-kornyezet_Kutatas_kontrolliskolak_tajekoztato.docx\">General information for control schools<\/a><\/p>\n\n\n\n<p><a href=\"https:\/\/tanulas-kutatas.hu\/wp-content\/uploads\/2022\/02\/MTA-AVKF_Tanulasi-kornyezet_Kutatas_fejlesztok_reszletes-tajekoztato.docx\">Detailed information sheet for the development schools<\/a><\/p>\n\n\n\n<p><a href=\"https:\/\/tanulas-kutatas.hu\/wp-content\/uploads\/2022\/04\/MTA-AVKF-tanulasi-kornyezet-kutatas-szuloi-tajekoztatoa-kutatasrol_0420.pdf\">Detailed information sheet for the control schools<\/a><\/p>\n\n\n\n<p><a href=\"https:\/\/tanulas-kutatas.hu\/wp-content\/uploads\/2022\/04\/MTA-AVKF-tanulasi-kornyezet-kutatas-szuloi-tajekoztatoa-kutatasrol_0420.pdf\">Information sheet for parents<\/a><\/p>\n\n\n\n<p><a href=\"https:\/\/tanulas-kutatas.hu\/wp-content\/uploads\/2022\/04\/MTA-AVKF-tanulasi-kornyezet-kutatas-szuloi-adatkezelesi-tajekoztato_0420.pdf\">Privacy Policy for parents<\/a><\/p>\n\n\n\n<h2 class=\"wp-block-heading\"><\/h2>\n\n\n\n<h2 class=\"wp-block-heading\">Other documents<\/h2>\n\n\n\n<p><a href=\"https:\/\/tanulas-kutatas.hu\/wp-content\/uploads\/2023\/08\/PrivacyPolicy.html\">Privacy Policy Tanul\u00f3k\u00e1rty\u00e1k application<\/a><\/p>\n","protected":false},"excerpt":{"rendered":"<p>Tanul\u00f3k\u00e1rty\u00e1k application Tanul\u00f3k\u00e1rty\u00e1k alkalmaz\u00e1s telep\u00edt\u0151 (apk) Installation instructions (hungarian) Privacy Policy Tanul\u00f3k\u00e1rty\u00e1k application Reports Report 1. Report 2. Forms for the schools Registration of research schools (Institutional registration form) Documents in Hungarian for all partners Detailed research Plan (MTA-AVKF_Tanul\u00e1si_Kornyezet_Kutat\u00e1si terv.pdf) General information for development schools General information for control schools Detailed information sheet for the [&hellip;]<\/p>\n","protected":false},"author":1,"featured_media":0,"parent":0,"menu_order":0,"comment_status":"closed","ping_status":"closed","template":"","meta":{"footnotes":""},"class_list":["post-15","page","type-page","status-publish","hentry"],"_links":{"self":[{"href":"https:\/\/tanulas-kutatas.hu\/en\/wp-json\/wp\/v2\/pages\/15","targetHints":{"allow":["GET"]}}],"collection":[{"href":"https:\/\/tanulas-kutatas.hu\/en\/wp-json\/wp\/v2\/pages"}],"about":[{"href":"https:\/\/tanulas-kutatas.hu\/en\/wp-json\/wp\/v2\/types\/page"}],"author":[{"embeddable":true,"href":"https:\/\/tanulas-kutatas.hu\/en\/wp-json\/wp\/v2\/users\/1"}],"replies":[{"embeddable":true,"href":"https:\/\/tanulas-kutatas.hu\/en\/wp-json\/wp\/v2\/comments?post=15"}],"version-history":[{"count":20,"href":"https:\/\/tanulas-kutatas.hu\/en\/wp-json\/wp\/v2\/pages\/15\/revisions"}],"predecessor-version":[{"id":390,"href":"https:\/\/tanulas-kutatas.hu\/en\/wp-json\/wp\/v2\/pages\/15\/revisions\/390"}],"wp:attachment":[{"href":"https:\/\/tanulas-kutatas.hu\/en\/wp-json\/wp\/v2\/media?parent=15"}],"curies":[{"name":"wp","href":"https:\/\/api.w.org\/{rel}","templated":true}]}}